{"id":662,"date":"2023-11-30T15:06:56","date_gmt":"2023-11-30T14:06:56","guid":{"rendered":"https:\/\/hammam-et-rituels.com\/?post_type=product&#038;p=662"},"modified":"2023-12-09T20:23:01","modified_gmt":"2023-12-09T19:23:01","slug":"soin-pour-future-maman","status":"publish","type":"product","link":"https:\/\/hammam-et-rituels.com\/index.php\/produit\/soin-pour-future-maman\/","title":{"rendered":"Soin Future maman"},"content":{"rendered":"<h2>Un soin pour s&rsquo;occuper de soi avant d&rsquo;accueillir b\u00e9b\u00e9<\/h2>\n<p><strong><span class=\"OYPEnA text-decoration-none text-strikethrough-none\">2h30 de d\u00e9tente au hammam, sauna et jacuzzi<\/span><\/strong><\/p>\n<p class=\"cvGsUA direction-ltr align-start para-style-body\"><strong><span class=\"OYPEnA text-decoration-none text-strikethrough-none\">Soin sp\u00e9cifique du corps<\/span><\/strong><\/p>\n<ul>\n<li><span class=\"OYPEnA text-decoration-none text-strikethrough-none\">Gommage au savon noir<\/span><\/li>\n<li><span class=\"OYPEnA text-decoration-none text-strikethrough-none\">Enveloppement \u00e0 la cannelle<\/span><\/li>\n<li><span class=\"OYPEnA text-decoration-none text-strikethrough-none\">Enveloppement au henn\u00e9 et huile d\u2019olive<\/span><\/li>\n<li><span class=\"OYPEnA text-decoration-none text-strikethrough-none\">Savonnage au savon de Marseille<\/span><\/li>\n<li><span class=\"OYPEnA text-decoration-none text-strikethrough-none\">Beaut\u00e9 des pieds<\/span>(coupe des ongles et brossage)<\/li>\n<\/ul>\n<p class=\"cvGsUA direction-ltr align-start para-style-body\"><strong><span class=\"OYPEnA text-decoration-none text-strikethrough-none\">Nettoyage visage<\/span><\/strong><\/p>\n<ul>\n<li><span class=\"OYPEnA text-decoration-none text-strikethrough-none\">Masque argile<\/span><\/li>\n<li><span class=\"OYPEnA text-decoration-none text-strikethrough-none\">Gommage visage au caf\u00e9<\/span><\/li>\n<li><span class=\"OYPEnA text-decoration-none text-strikethrough-none\">Application cr\u00e8me d\u2019avoine<\/span><\/li>\n<\/ul>\n<p><strong><span class=\"OYPEnA text-decoration-none text-strikethrough-none\">Massage apaisant de 30 minutes<\/span><\/strong><\/p>\n<p>&nbsp;<\/p>\n<blockquote><p>\u00a0* Soin non adapt\u00e9 si vous avez des contre indications m\u00e9dicales ou des risques de complications<\/p><\/blockquote>\n<p>&nbsp;<\/p>\n<p><img decoding=\"async\" loading=\"lazy\" class=\"alignnone wp-image-663\" src=\"https:\/\/hammam-et-rituels.com\/wp-content\/uploads\/2023\/11\/2-1-300x300.png\" alt=\"\" width=\"444\" height=\"444\" srcset=\"https:\/\/hammam-et-rituels.com\/wp-content\/uploads\/2023\/11\/2-1-300x300.png 300w, https:\/\/hammam-et-rituels.com\/wp-content\/uploads\/2023\/11\/2-1-1024x1024.png 1024w, https:\/\/hammam-et-rituels.com\/wp-content\/uploads\/2023\/11\/2-1-150x150.png 150w, https:\/\/hammam-et-rituels.com\/wp-content\/uploads\/2023\/11\/2-1-768x768.png 768w, https:\/\/hammam-et-rituels.com\/wp-content\/uploads\/2023\/11\/2-1-600x600.png 600w, https:\/\/hammam-et-rituels.com\/wp-content\/uploads\/2023\/11\/2-1-100x100.png 100w, https:\/\/hammam-et-rituels.com\/wp-content\/uploads\/2023\/11\/2-1.png 1080w\" sizes=\"(max-width: 444px) 100vw, 444px\" \/><img decoding=\"async\" loading=\"lazy\" class=\" wp-image-688 alignright\" src=\"https:\/\/hammam-et-rituels.com\/wp-content\/uploads\/2023\/11\/explication-bon-cadeau-300x140.png\" alt=\"\" width=\"716\" height=\"334\" \/><\/p>\n","protected":false},"excerpt":{"rendered":"<p>Encore quelques semaines avant l&rsquo;arriv\u00e9e de b\u00e9b\u00e9, c&rsquo;est le moment id\u00e9al pour s&rsquo;octroyer un temps pour soi<\/p>\n<p>Un nettoyage et une d\u00e9tente totale, de la t\u00eate aux pieds pour rencontrer b\u00e9b\u00e9 dans les meilleures conditions<\/p>\n","protected":false},"featured_media":664,"comment_status":"open","ping_status":"closed","template":"","meta":[],"product_cat":[42],"product_tag":[],"_links":{"self":[{"href":"https:\/\/hammam-et-rituels.com\/index.php\/wp-json\/wp\/v2\/product\/662"}],"collection":[{"href":"https:\/\/hammam-et-rituels.com\/index.php\/wp-json\/wp\/v2\/product"}],"about":[{"href":"https:\/\/hammam-et-rituels.com\/index.php\/wp-json\/wp\/v2\/types\/product"}],"replies":[{"embeddable":true,"href":"https:\/\/hammam-et-rituels.com\/index.php\/wp-json\/wp\/v2\/comments?post=662"}],"wp:featuredmedia":[{"embeddable":true,"href":"https:\/\/hammam-et-rituels.com\/index.php\/wp-json\/wp\/v2\/media\/664"}],"wp:attachment":[{"href":"https:\/\/hammam-et-rituels.com\/index.php\/wp-json\/wp\/v2\/media?parent=662"}],"wp:term":[{"taxonomy":"product_cat","embeddable":true,"href":"https:\/\/hammam-et-rituels.com\/index.php\/wp-json\/wp\/v2\/product_cat?post=662"},{"taxonomy":"product_tag","embeddable":true,"href":"https:\/\/hammam-et-rituels.com\/index.php\/wp-json\/wp\/v2\/product_tag?post=662"}],"curies":[{"name":"wp","href":"https:\/\/api.w.org\/{rel}","templated":true}]}}