{"id":513,"date":"2023-09-01T17:05:02","date_gmt":"2023-09-01T15:05:02","guid":{"rendered":"https:\/\/hammam-et-rituels.com\/?post_type=product&#038;p=513"},"modified":"2025-12-04T17:39:18","modified_gmt":"2025-12-04T16:39:18","slug":"formule-douceur","status":"publish","type":"product","link":"https:\/\/hammam-et-rituels.com\/index.php\/produit\/formule-douceur\/","title":{"rendered":"Formule douceur"},"content":{"rendered":"<p><strong>2h30 pour profiter de l&rsquo;espace d\u00e9tente<\/strong><br \/>\n1 salle chaude<br \/>\n1 salle temp\u00e9r\u00e9e pour faire ses soins<br \/>\n1 sauna et 1 jacuzzi<\/p>\n<p>Espace qui peut accueillir jusqu&rsquo;\u00e0 10 personnes maximum<\/p>\n<p>Non mixte<\/p>\n<p>Ensuite, nous nous occupons de vous \u00ab\u00a0gommer\u00a0\u00bb le corps c&rsquo;est \u00e0 dire exfolier<\/p>\n<p>A la mani\u00e8re traditionnelle marocaine, nous vous appliquons le savon noir qui va ramollir les peaux mortes.<\/p>\n<p>Ensuite, apr\u00e8s un temps de pause, nous proc\u00e9dons au gommage dans la salle de hammam.<\/p>\n<p>Vous serez surprise de voir que vous d\u00e9couvrez votre nouvelle peau<br \/>\nId\u00e9al avant une \u00e9pilation car vous \u00e9viterez les poils incarn\u00e9s<br \/>\nEgalement avant et apr\u00e8s le soleil pour faire durer votre bronzage.<\/p>\n<p>Prestation phare du hammam, il s&rsquo;agit d&rsquo;un secret de beaut\u00e9 des Marocaines<\/p>\n<p>Enfin, vous partirez pour 30 minutes de massage relaxant<\/p>\n<p>Votre peau sera belle en en pleine forme et vos tensions apais\u00e9es.<\/p>\n<p>&nbsp;<\/p>\n<p><img decoding=\"async\" loading=\"lazy\" class=\"alignnone wp-image-691\" src=\"https:\/\/hammam-et-rituels.com\/wp-content\/uploads\/2023\/09\/explication-bon-cadeau-300x140.png\" alt=\"\" width=\"700\" height=\"326\" srcset=\"https:\/\/hammam-et-rituels.com\/wp-content\/uploads\/2023\/09\/explication-bon-cadeau-300x140.png 300w, https:\/\/hammam-et-rituels.com\/wp-content\/uploads\/2023\/09\/explication-bon-cadeau-1024x476.png 1024w, https:\/\/hammam-et-rituels.com\/wp-content\/uploads\/2023\/09\/explication-bon-cadeau-768x357.png 768w, https:\/\/hammam-et-rituels.com\/wp-content\/uploads\/2023\/09\/explication-bon-cadeau-600x279.png 600w, https:\/\/hammam-et-rituels.com\/wp-content\/uploads\/2023\/09\/explication-bon-cadeau.png 2000w\" sizes=\"(max-width: 700px) 100vw, 700px\" \/><\/p>\n","protected":false},"excerpt":{"rendered":"<p><strong>2h30 pour profiter de l&rsquo;espace d\u00e9tente<\/strong><br \/>\n1 salle chaude<br \/>\n1 salle temp\u00e9r\u00e9e pour faire ses soins<br \/>\n1 sauna et 1 jacuzzi<\/p>\n<p>Espace qui peut accueillir jusqu&rsquo;\u00e0 10 personnes maximum<\/p>\n<p>Non mixte<\/p>\n<p>Gommage ou exfoliation du corps au gant et au savon noir.<\/p>\n<p>Massage relaxant de 30 minutes<\/p>\n","protected":false},"featured_media":550,"comment_status":"open","ping_status":"closed","template":"","meta":[],"product_cat":[33,32,35],"product_tag":[],"_links":{"self":[{"href":"https:\/\/hammam-et-rituels.com\/index.php\/wp-json\/wp\/v2\/product\/513"}],"collection":[{"href":"https:\/\/hammam-et-rituels.com\/index.php\/wp-json\/wp\/v2\/product"}],"about":[{"href":"https:\/\/hammam-et-rituels.com\/index.php\/wp-json\/wp\/v2\/types\/product"}],"replies":[{"embeddable":true,"href":"https:\/\/hammam-et-rituels.com\/index.php\/wp-json\/wp\/v2\/comments?post=513"}],"wp:featuredmedia":[{"embeddable":true,"href":"https:\/\/hammam-et-rituels.com\/index.php\/wp-json\/wp\/v2\/media\/550"}],"wp:attachment":[{"href":"https:\/\/hammam-et-rituels.com\/index.php\/wp-json\/wp\/v2\/media?parent=513"}],"wp:term":[{"taxonomy":"product_cat","embeddable":true,"href":"https:\/\/hammam-et-rituels.com\/index.php\/wp-json\/wp\/v2\/product_cat?post=513"},{"taxonomy":"product_tag","embeddable":true,"href":"https:\/\/hammam-et-rituels.com\/index.php\/wp-json\/wp\/v2\/product_tag?post=513"}],"curies":[{"name":"wp","href":"https:\/\/api.w.org\/{rel}","templated":true}]}}