{"id":501,"date":"2023-08-29T09:51:15","date_gmt":"2023-08-29T07:51:15","guid":{"rendered":"https:\/\/hammam-et-rituels.com\/?post_type=product&#038;p=501"},"modified":"2025-12-04T17:40:33","modified_gmt":"2025-12-04T16:40:33","slug":"formule-serenite","status":"publish","type":"product","link":"https:\/\/hammam-et-rituels.com\/index.php\/produit\/formule-serenite\/","title":{"rendered":"Formule s\u00e9r\u00e9nit\u00e9"},"content":{"rendered":"<p><strong>2h30 pour profiter de l&rsquo;espace d\u00e9tente<\/strong><br \/>\n1 salle chaude<br \/>\n1 salle temp\u00e9r\u00e9e pour faire ses soins<br \/>\n1 sauna et 1 jacuzzi<\/p>\n<p>Espace qui peut accueillir jusqu&rsquo;\u00e0 10 personnes maximum<\/p>\n<p>Non mixte<\/p>\n<p>1 espace d\u00e9tente pour se reposer<br \/>\nVous pouvez apporter vos produits de soins, les masques \u00e0 laisser poser dans la chaleur<\/p>\n<p>Nous avons \u00e9galement tout ce qu&rsquo;il faut en vente<\/p>\n<p>Et vous pouvez b\u00e9n\u00e9ficier des soins en suppl\u00e9ment (le mieux est de les r\u00e9server au moment du rdv)<\/p>\n<p>Pensez \u00e0 apporter une petite serviette pour vous asseoir dans le sauna<br \/>\nUne grande serviette ou un peignoir<br \/>\nDes claquettes<br \/>\nDu shampoing<br \/>\nDu gel douche<\/p>\n<p>&nbsp;<\/p>\n<ul>\n<li><span style=\"color: #222222;\">Gommage au savon noir sur table en marbre chauff\u00e9e<\/span><\/li>\n<li><span style=\"color: #222222;\">Enveloppement au rhassoul<\/span><\/li>\n<li><span style=\"color: #222222;\">Enveloppement au henn\u00e9<\/span><\/li>\n<li><span style=\"color: #222222;\">Savonnage au savon d&rsquo;Alep<\/span><\/li>\n<li><span style=\"color: #222222;\"><span class=\"JsGRdQ\">Un bien-\u00eatre total \u00e0 la sortie<\/span><\/span><\/li>\n<\/ul>\n<p>4 soins pour illuminer votre peau<\/p>\n<ul>\n<li>Le gommage du corps nettoie en profondeur<\/li>\n<li>Le rhassoul avec de la fleur d&rsquo;Oranger, argile marocaine, absorbe le s\u00e9bum et le reste des impuret\u00e9s<\/li>\n<li>Le henn\u00e9 additionn\u00e9 \u00e0 l&rsquo;huile d&rsquo;olive vient nourrir l&rsquo;\u00e9piderme<\/li>\n<li>Enfin le savonnage au savon d&rsquo;Alep ou savon de Marseille assouplit la peau<\/li>\n<\/ul>\n<p>Et pour finir, vous aurez droit \u00e0 un massage relaxant de 30 minutes.<\/p>\n<p>La d\u00e9tente sera vraiment compl\u00e8te.<\/p>\n<p>Votre peau sera douce et nettoy\u00e9e et vos tensions apais\u00e9es<\/p>\n<p><img decoding=\"async\" loading=\"lazy\" class=\"alignnone wp-image-691\" src=\"https:\/\/hammam-et-rituels.com\/wp-content\/uploads\/2023\/09\/explication-bon-cadeau-300x140.png\" alt=\"\" width=\"700\" height=\"326\" srcset=\"https:\/\/hammam-et-rituels.com\/wp-content\/uploads\/2023\/09\/explication-bon-cadeau-300x140.png 300w, https:\/\/hammam-et-rituels.com\/wp-content\/uploads\/2023\/09\/explication-bon-cadeau-1024x476.png 1024w, https:\/\/hammam-et-rituels.com\/wp-content\/uploads\/2023\/09\/explication-bon-cadeau-768x357.png 768w, https:\/\/hammam-et-rituels.com\/wp-content\/uploads\/2023\/09\/explication-bon-cadeau-600x279.png 600w, https:\/\/hammam-et-rituels.com\/wp-content\/uploads\/2023\/09\/explication-bon-cadeau.png 2000w\" sizes=\"(max-width: 700px) 100vw, 700px\" \/><\/p>\n<p>&nbsp;<\/p>\n","protected":false},"excerpt":{"rendered":"<p><strong>2h30 pour profiter de l&rsquo;espace d\u00e9tente<\/strong><br \/>\n1 salle chaude<br \/>\n1 salle temp\u00e9r\u00e9e pour faire ses soins<br \/>\n1 sauna et 1 jacuzzi<\/p>\n<p>Espace qui peut accueillir jusqu&rsquo;\u00e0 10 personnes maximum<\/p>\n<p>Non mixte<\/p>\n<p>4 soins (gommage, enveloppements et savonnage)<\/p>\n<p>Massage de 30 minutes<\/p>\n","protected":false},"featured_media":502,"comment_status":"open","ping_status":"closed","template":"","meta":[],"product_cat":[33,32,35],"product_tag":[],"_links":{"self":[{"href":"https:\/\/hammam-et-rituels.com\/index.php\/wp-json\/wp\/v2\/product\/501"}],"collection":[{"href":"https:\/\/hammam-et-rituels.com\/index.php\/wp-json\/wp\/v2\/product"}],"about":[{"href":"https:\/\/hammam-et-rituels.com\/index.php\/wp-json\/wp\/v2\/types\/product"}],"replies":[{"embeddable":true,"href":"https:\/\/hammam-et-rituels.com\/index.php\/wp-json\/wp\/v2\/comments?post=501"}],"wp:featuredmedia":[{"embeddable":true,"href":"https:\/\/hammam-et-rituels.com\/index.php\/wp-json\/wp\/v2\/media\/502"}],"wp:attachment":[{"href":"https:\/\/hammam-et-rituels.com\/index.php\/wp-json\/wp\/v2\/media?parent=501"}],"wp:term":[{"taxonomy":"product_cat","embeddable":true,"href":"https:\/\/hammam-et-rituels.com\/index.php\/wp-json\/wp\/v2\/product_cat?post=501"},{"taxonomy":"product_tag","embeddable":true,"href":"https:\/\/hammam-et-rituels.com\/index.php\/wp-json\/wp\/v2\/product_tag?post=501"}],"curies":[{"name":"wp","href":"https:\/\/api.w.org\/{rel}","templated":true}]}}