{"id":1052,"date":"2025-07-05T17:32:56","date_gmt":"2025-07-05T15:32:56","guid":{"rendered":"https:\/\/hammam-et-rituels.com\/?post_type=product&#038;p=1052"},"modified":"2026-03-09T14:22:33","modified_gmt":"2026-03-09T13:22:33","slug":"soiree-pyjama-chez-hammam-et-rituels","status":"publish","type":"product","link":"https:\/\/hammam-et-rituels.com\/index.php\/produit\/soiree-pyjama-chez-hammam-et-rituels\/","title":{"rendered":"Soir\u00e9e pyjama chez Hammam et Rituels"},"content":{"rendered":"<p>Vous \u00eates une fille, c\u00e9libataire de pr\u00e9f\u00e9rence et vous voulez passer une soir\u00e9e sympa avec d&rsquo;autres filles dans un lieu d\u00e9di\u00e9 \u00e0 la d\u00e9tente ?<\/p>\n<p>Ne cherchez plus, vous \u00eates au bon endroit.<\/p>\n<p>Une soir\u00e9e pour se raconter ses anecdotes de rencontres ou tentatives de rencontres, pour rigoler, danser et d\u00e9compresser.<\/p>\n<p>Vous pourrez apporter tous les produits de beaut\u00e9 que vous voulez (masques visage, masques cheveux\u2026), tout pour se faire une beaut\u00e9 et prendre soin de soi, juste pour soi.<\/p>\n<p>On mettra de la musique et on grignotera des petites choses sal\u00e9es et sucr\u00e9es.<\/p>\n<p>5 personnes sur les 10 pourra b\u00e9n\u00e9ficier du gommage pour 20 Euros suppl\u00e9mentaires.<\/p>\n<p>Et enfin, il y aura le concours de la meilleure anecdote : celle qui nous fera le plus rire avec sa pire histoire de rdv galant remportera 2 entr\u00e9es pour le Hammam.<\/p>\n<p>&nbsp;<\/p>\n<p>2 dates disponibles : le vendredi 18 juillet et le vendredi 29 ao\u00fbt.<\/p>\n<p>Ps : ne vous prenez pas trop au s\u00e9rieux !<\/p>\n<p>&nbsp;<\/p>\n<p>R\u00e9servation obligatoire au 03 67 26 66 58<\/p>\n","protected":false},"excerpt":{"rendered":"<p><img decoding=\"async\" loading=\"lazy\" class=\"alignnone size-medium wp-image-1053\" src=\"https:\/\/hammam-et-rituels.com\/wp-content\/uploads\/2025\/07\/soiree-pyjama-_-hammam-et-rituesl-212x300.png\" alt=\"\" width=\"212\" height=\"300\" srcset=\"https:\/\/hammam-et-rituels.com\/wp-content\/uploads\/2025\/07\/soiree-pyjama-_-hammam-et-rituesl-212x300.png 212w, https:\/\/hammam-et-rituels.com\/wp-content\/uploads\/2025\/07\/soiree-pyjama-_-hammam-et-rituesl-724x1024.png 724w, https:\/\/hammam-et-rituels.com\/wp-content\/uploads\/2025\/07\/soiree-pyjama-_-hammam-et-rituesl-768x1086.png 768w, https:\/\/hammam-et-rituels.com\/wp-content\/uploads\/2025\/07\/soiree-pyjama-_-hammam-et-rituesl-600x848.png 600w, https:\/\/hammam-et-rituels.com\/wp-content\/uploads\/2025\/07\/soiree-pyjama-_-hammam-et-rituesl.png 1414w\" sizes=\"(max-width: 212px) 100vw, 212px\" \/><\/p>\n","protected":false},"featured_media":1053,"comment_status":"open","ping_status":"closed","template":"","meta":[],"product_cat":[30],"product_tag":[],"_links":{"self":[{"href":"https:\/\/hammam-et-rituels.com\/index.php\/wp-json\/wp\/v2\/product\/1052"}],"collection":[{"href":"https:\/\/hammam-et-rituels.com\/index.php\/wp-json\/wp\/v2\/product"}],"about":[{"href":"https:\/\/hammam-et-rituels.com\/index.php\/wp-json\/wp\/v2\/types\/product"}],"replies":[{"embeddable":true,"href":"https:\/\/hammam-et-rituels.com\/index.php\/wp-json\/wp\/v2\/comments?post=1052"}],"wp:featuredmedia":[{"embeddable":true,"href":"https:\/\/hammam-et-rituels.com\/index.php\/wp-json\/wp\/v2\/media\/1053"}],"wp:attachment":[{"href":"https:\/\/hammam-et-rituels.com\/index.php\/wp-json\/wp\/v2\/media?parent=1052"}],"wp:term":[{"taxonomy":"product_cat","embeddable":true,"href":"https:\/\/hammam-et-rituels.com\/index.php\/wp-json\/wp\/v2\/product_cat?post=1052"},{"taxonomy":"product_tag","embeddable":true,"href":"https:\/\/hammam-et-rituels.com\/index.php\/wp-json\/wp\/v2\/product_tag?post=1052"}],"curies":[{"name":"wp","href":"https:\/\/api.w.org\/{rel}","templated":true}]}}